{"id":630,"date":"2026-01-02T10:48:27","date_gmt":"2026-01-02T10:48:27","guid":{"rendered":"https:\/\/memoerbe.de\/?page_id=630"},"modified":"2026-01-02T11:26:42","modified_gmt":"2026-01-02T11:26:42","slug":"so-funktioniert-memoerbe","status":"publish","type":"page","link":"https:\/\/memoerbe.de\/?page_id=630","title":{"rendered":"So funktioniert MemoErbe"},"content":{"rendered":"\n<p>Im Ernstfall z\u00e4hlt jede Minute \u2013 doch wichtige Informationen sind oft verstreut, unauffindbar oder nur einer Person bekannt. MemoErbe schafft einen sicheren Ort f\u00fcr alles, was deine Familie wissen muss.<\/p>\n\n\n\n<h3 id=\"gspb_heading-id-gsbp-7d7d2b3\" class=\"gspb_heading gspb_heading-id-gsbp-7d7d2b3 \">Was ist MemoErbe?<\/h3>\n\n\n\n<p>MemoErbe ist ein digitaler Vorsorgeordner.<br>Hier hinterlegst du wichtige Dokumente, Informationen und Hinweise \u2013 sicher, strukturiert und f\u00fcr deine Angeh\u00f6rigen im Ernstfall zug\u00e4nglich.<\/p>\n\n\n\n<h3 id=\"gspb_heading-id-gsbp-aa81386\" class=\"gspb_heading gspb_heading-id-gsbp-aa81386 \">Schritt-f\u00fcr-Schritt: So funktioniert es<\/h3>\n\n\n\n<div class=\"wp-block-greenshift-blocks-row gspb_row gspb_row-id-gsbp-cd2033a\" id=\"gspb_row-id-gsbp-cd2033a\"><div class=\"gspb_row__content\"> \n<div class=\"wp-block-greenshift-blocks-row-column gspb_row__col--3 gspb_col-id-gsbp-666fdeb\" id=\"gspb_col-id-gsbp-666fdeb\">\n<h5>1. Alles Wichtige hinterlegen<\/h5>\n\n\n\n<ul class=\"wp-block-list\">\n<li>Dokumente (z. B. Patientenverf\u00fcgung, Testament, Vertr\u00e4ge)<\/li>\n\n\n\n<li>Wichtige Hinweise (Passw\u00f6rter, Kontakte, W\u00fcnsche)<\/li>\n\n\n\n<li>Pers\u00f6nliche Informationen<\/li>\n<\/ul>\n<\/div>\n\n\n\n<div class=\"wp-block-greenshift-blocks-row-column gspb_row__col--3 gspb_col-id-gsbp-9a2d0dd\" id=\"gspb_col-id-gsbp-9a2d0dd\">\n<h5>2. Sicher speichern<\/h5>\n\n\n\n<ul class=\"wp-block-list\">\n<li>Verschl\u00fcsselte Speicherung<\/li>\n\n\n\n<li>Zugriff nur f\u00fcr dich<\/li>\n\n\n\n<li>Server in Deutschland \/ EU<\/li>\n<\/ul>\n<\/div>\n\n\n\n<div class=\"wp-block-greenshift-blocks-row-column gspb_row__col--3 gspb_col-id-gsbp-b4ab9e1\" id=\"gspb_col-id-gsbp-b4ab9e1\">\n<h5>3. Vertrauenspersonen festlegen<\/h5>\n\n\n\n<ul class=\"wp-block-list\">\n<li>Du bestimmst,\u00a0<strong>wer im Ernstfall Zugriff erh\u00e4lt<\/strong><\/li>\n\n\n\n<li>Keine automatische Freigabe<\/li>\n\n\n\n<li>Klare Regeln, nachvollziehbar<\/li>\n<\/ul>\n<\/div>\n\n\n\n<div class=\"wp-block-greenshift-blocks-row-column gspb_row__col--3 gspb_col-id-gsbp-d71299e\" id=\"gspb_col-id-gsbp-d71299e\">\n<h5>4. Im Ernstfall entlasten<\/h5>\n\n\n\n<ul class=\"wp-block-list\">\n<li>Angeh\u00f6rige wissen,\u00a0<strong>wo alles ist<\/strong><\/li>\n\n\n\n<li>Keine Suche, kein R\u00e4tselraten<\/li>\n\n\n\n<li>Klarheit in einer emotional schwierigen Situation<\/li>\n<\/ul>\n<\/div>\n <\/div><\/div>\n\n\n\n<div style=\"height:100px\" aria-hidden=\"true\" class=\"wp-block-spacer\"><\/div>\n\n\n\n<h3>Was MemoErbe bewusst\u00a0<strong>nicht<\/strong>\u00a0ist<\/h3>\n\n\n\n<div class=\"wp-block-greenshift-blocks-infobox gspb_infoBox gspb_infoBox-id-gsbp-963acd9\" id=\"gspb_infoBox-id-gsbp-963acd9\"><div class=\"gs-box info_type icon_type\"><div class=\"gs-box-icon\"><svg x=\"0px\" y=\"0px\" viewBox=\"0 0 512 512\"> <g><g> <path d=\"M256,0C114.497,0,0,114.507,0,256c0,141.503,114.507,256,256,256c141.503,0,256-114.507,256-256 C512,114.497,397.492,0,256,0z M256,472c-119.393,0-216-96.615-216-216c0-119.393,96.615-216,216-216 c119.393,0,216,96.615,216,216C472,375.393,375.384,472,256,472z\"><\/path> <\/g> <\/g> <g> <g> <path d=\"M256,214.33c-11.046,0-20,8.954-20,20v128.793c0,11.046,8.954,20,20,20s20-8.955,20-20.001V234.33 C276,223.284,267.046,214.33,256,214.33z\"><\/path> <\/g> <\/g> <g> <g> <circle cx=\"256\" cy=\"162.84\" r=\"27\"><\/circle> <\/g> <\/g> <\/svg><\/div><div class=\"gs-box-text\">\n<div id=\"gspb_text-id-gsbp-a4ad1ba\" class=\"gspb_text gspb_text-id-gsbp-a4ad1ba \"><strong>MemoErbe ersetzt keine Rechtsberatung und kein Testament beim Notar.<br>Es sorgt daf\u00fcr, dass alles Wichtige auffindbar, verst\u00e4ndlich und zug\u00e4nglich ist \u2013 wenn es darauf ankommt.<\/strong><\/div>\n<\/div><\/div><\/div>\n\n\n\n<p>Vorsorge bedeutet nicht, vom Schlimmsten auszugehen.<br>Sondern Verantwortung zu \u00fcbernehmen \u2013 f\u00fcr sich selbst und f\u00fcr die Menschen, die man liebt.<\/p>\n","protected":false},"excerpt":{"rendered":"<p>Im Ernstfall z\u00e4hlt jede Minute \u2013 doch wichtige Informationen sind oft verstreut, unauffindbar oder nur einer Person bekannt. MemoErbe schafft einen sicheren Ort f\u00fcr alles, was deine Familie wissen muss. MemoErbe ist ein digitaler Vorsorgeordner.Hier hinterlegst du wichtige Dokumente, Informationen und Hinweise \u2013 sicher, strukturiert und f\u00fcr deine Angeh\u00f6rigen im Ernstfall zug\u00e4nglich. Vorsorge bedeutet nicht, [&hellip;]<\/p>\n","protected":false},"author":1,"featured_media":0,"parent":0,"menu_order":0,"comment_status":"closed","ping_status":"closed","template":"","meta":{"_gspb_post_css":"@import url(https:\/\/fonts.googleapis.com\/css?family=Alef|Alef);#gspb_heading-id-gsbp-7d7d2b3,#gspb_heading-id-gsbp-aa81386{font-weight:400;font-family:Alef,sans-serif}#gspb_heading-id-gsbp-aa81386{margin-bottom:0}#gspb_row-id-gsbp-cd2033a{justify-content:space-between;margin-top:0;display:flex;flex-wrap:wrap;margin-bottom:0}#gspb_row-id-gsbp-cd2033a>.gspb_row__content{display:flex;justify-content:space-between;margin:0 auto;width:100%;flex-wrap:wrap}.gspb_row{position:relative}div[id^=gspb_col-id]{box-sizing:border-box;position:relative;padding:var(--gs-row-column-padding, 15px min(3vw, 20px))}body.gspb-bodyfront #gspb_row-id-gsbp-cd2033a>.gspb_row__content{width:var(--theme-container-width, 1200px);max-width:var(--theme-normal-container-max-width, 1200px)}#gspb_col-id-gsbp-666fdeb.gspb_row__col--3{width:25%}@media (max-width:575.98px){#gspb_col-id-gsbp-666fdeb.gspb_row__col--3{width:100%}}#gspb_col-id-gsbp-666fdeb.gspb_row__col--3{border-style:solid;border-width:1px;border-color:var(--wp--preset--color--brand, #33EFAB)}#gspb_col-id-gsbp-666fdeb.gspb_row__col--3,#gspb_col-id-gsbp-666fdeb.gspb_row__col--3>.gspb_backgroundOverlay,#gspb_col-id-gsbp-9a2d0dd.gspb_row__col--3>.gspb_backgroundOverlay,#gspb_col-id-gsbp-b4ab9e1.gspb_row__col--3>.gspb_backgroundOverlay,#gspb_col-id-gsbp-d71299e.gspb_row__col--3>.gspb_backgroundOverlay{border-top-left-radius:8px;border-top-right-radius:8px;border-bottom-right-radius:8px;border-bottom-left-radius:8px}#gspb_col-id-gsbp-9a2d0dd.gspb_row__col--3{width:25%}@media (max-width:575.98px){#gspb_col-id-gsbp-9a2d0dd.gspb_row__col--3{width:100%}}#gspb_col-id-gsbp-9a2d0dd.gspb_row__col--3{border-top-left-radius:8px;border-top-right-radius:8px;border-bottom-right-radius:8px;border-bottom-left-radius:8px;border-style:solid;border-width:1px;border-color:var(--wp--preset--color--brand, #33EFAB)}#gspb_col-id-gsbp-b4ab9e1.gspb_row__col--3{width:25%}@media (max-width:575.98px){#gspb_col-id-gsbp-b4ab9e1.gspb_row__col--3{width:100%}}#gspb_col-id-gsbp-b4ab9e1.gspb_row__col--3{border-top-left-radius:8px;border-top-right-radius:8px;border-bottom-right-radius:8px;border-bottom-left-radius:8px;border-style:solid;border-width:1px;border-color:var(--wp--preset--color--brand, #33EFAB)}#gspb_col-id-gsbp-d71299e.gspb_row__col--3{width:25%}@media (max-width:575.98px){#gspb_col-id-gsbp-d71299e.gspb_row__col--3{width:100%}}#gspb_col-id-gsbp-d71299e.gspb_row__col--3{border-top-left-radius:8px;border-top-right-radius:8px;border-bottom-right-radius:8px;border-bottom-left-radius:8px;border-style:solid;border-width:1px;border-color:var(--wp--preset--color--brand, #33EFAB)}.gs-box{padding:20px;border-left:5px solid transparent;margin-bottom:25px}.gs-box-text>p{margin-bottom:20px;margin-top:0}.gs-box-text>p:last-of-type{margin-bottom:0}.gs-box.info_type{color:#155724;background-color:#d4edda;border-color:#c3e6cb}.gs-box.info_type svg{fill:#30a030}.gs-box.icon_type{display:flex}.gs-box.icon_type .gs-box-icon{width:28px;min-width:28px}.gs-box.icon_type .gs-box-text{flex-grow:1;margin:0 15px}","footnotes":""},"class_list":["post-630","page","type-page","status-publish","hentry"],"blocksy_meta":[],"_links":{"self":[{"href":"https:\/\/memoerbe.de\/index.php?rest_route=\/wp\/v2\/pages\/630","targetHints":{"allow":["GET"]}}],"collection":[{"href":"https:\/\/memoerbe.de\/index.php?rest_route=\/wp\/v2\/pages"}],"about":[{"href":"https:\/\/memoerbe.de\/index.php?rest_route=\/wp\/v2\/types\/page"}],"author":[{"embeddable":true,"href":"https:\/\/memoerbe.de\/index.php?rest_route=\/wp\/v2\/users\/1"}],"replies":[{"embeddable":true,"href":"https:\/\/memoerbe.de\/index.php?rest_route=%2Fwp%2Fv2%2Fcomments&post=630"}],"version-history":[{"count":4,"href":"https:\/\/memoerbe.de\/index.php?rest_route=\/wp\/v2\/pages\/630\/revisions"}],"predecessor-version":[{"id":634,"href":"https:\/\/memoerbe.de\/index.php?rest_route=\/wp\/v2\/pages\/630\/revisions\/634"}],"wp:attachment":[{"href":"https:\/\/memoerbe.de\/index.php?rest_route=%2Fwp%2Fv2%2Fmedia&parent=630"}],"curies":[{"name":"wp","href":"https:\/\/api.w.org\/{rel}","templated":true}]}}